{"id":53,"date":"2016-07-29T19:38:24","date_gmt":"2016-07-29T17:38:24","guid":{"rendered":"http:\/\/www.walk-your-dog.de\/?page_id=2"},"modified":"2025-05-26T20:47:11","modified_gmt":"2025-05-26T18:47:11","slug":"willkommen","status":"publish","type":"page","link":"https:\/\/www.walk-your-dog.de\/?page_id=53","title":{"rendered":"Herzlich Willkommen bei walk your dog!"},"content":{"rendered":"\t\t<div data-elementor-type=\"wp-page\" data-elementor-id=\"53\" class=\"elementor elementor-53\">\n\t\t\t\t\t\t\t\t\t<section class=\"elementor-section elementor-top-section elementor-element elementor-element-40faf155 elementor-section-boxed elementor-section-height-default elementor-section-height-default\" data-id=\"40faf155\" data-element_type=\"section\">\n\t\t\t\t\t\t<div class=\"elementor-container elementor-column-gap-default\">\n\t\t\t\t\t<div class=\"elementor-column elementor-col-100 elementor-top-column elementor-element elementor-element-5d8b0292\" data-id=\"5d8b0292\" data-element_type=\"column\">\n\t\t\t<div class=\"elementor-widget-wrap elementor-element-populated\">\n\t\t\t\t\t\t\t\t<div class=\"elementor-element elementor-element-675e46cb elementor-widget elementor-widget-text-editor\" data-id=\"675e46cb\" data-element_type=\"widget\" data-widget_type=\"text-editor.default\">\n\t\t\t\t<div class=\"elementor-widget-container\">\n\t\t\t<style>\/*! elementor - v3.18.0 - 20-12-2023 *\/\n.elementor-widget-text-editor.elementor-drop-cap-view-stacked .elementor-drop-cap{background-color:#69727d;color:#fff}.elementor-widget-text-editor.elementor-drop-cap-view-framed .elementor-drop-cap{color:#69727d;border:3px solid;background-color:transparent}.elementor-widget-text-editor:not(.elementor-drop-cap-view-default) .elementor-drop-cap{margin-top:8px}.elementor-widget-text-editor:not(.elementor-drop-cap-view-default) .elementor-drop-cap-letter{width:1em;height:1em}.elementor-widget-text-editor .elementor-drop-cap{float:left;text-align:center;line-height:1;font-size:50px}.elementor-widget-text-editor .elementor-drop-cap-letter{display:inline-block}<\/style>\t\t\t\t<hr \/>\n<p style=\"text-align: center;\"><strong><em>Mit &#8218;walk your dog&#8216; kannst Du jederzeit Deine privaten Termine wahrnehmen oder Deinem Beruf nachgehen und dabei stets darauf vertrauen, dass es Deinem geliebten Hund auch in dieser Zeit an nichts fehlt!<\/em><\/strong><\/p>\n<hr \/>\n<p>\u00a0<\/p>\n<p style=\"text-align: justify;\">Ich biete eine professionelle Hundebetreuung auf einer eingez\u00e4unten Freilauffl\u00e4che &#8211; dem <a href=\"http:\/\/www.hundeparadies-lueneburg.de\" target=\"_blank\" rel=\"noopener\">Hundeparadies L\u00fcneburg<\/a> &#8211; an. Dort kann Dein Hund mit vielen anderen Artgenossen toben, spielen und Sozialverhalten lernen oder festigen. Du hast nicht die M\u00f6glichkeit Deinen Hund zu mir zu bringen? Kein Problem, denn ich biete einen Hol- und Bringservice an! Du kannst selbst entscheiden, ob Dein Hund halbtags oder ganztags zu mir in die Betreuung kommt.<\/p>\n<p style=\"text-align: justify;\">Vor der ersten Betreuung ist es wichtig, dass wir uns einmal kennenlernen. Dazu kontaktiere mich bitte per <a href=\"mailto:mail@walk-your-dog.de\">EMail<\/a> oder dem <a href=\"https:\/\/www.walk-your-dog.de\/kontakt\/\">Kontaktformular<\/a> und wir k\u00f6nnen gerne einen Termin ausmachen.<\/p>\n<p style=\"text-align: justify;\">Ich freue mich auf Euch!<\/p>\n<p style=\"text-align: justify;\">Lieben Gru\u00df,<\/p>\n<p><a href=\"https:\/\/www.walk-your-dog.de\/?page_id=398\">Anny<\/a><\/p>\n<p data-wp-editing=\"1\">\u00a0<\/p>\n<!-- wp:paragraph --><!-- \/wp:paragraph -->\t\t\t\t\t\t<\/div>\n\t\t\t\t<\/div>\n\t\t\t\t\t<\/div>\n\t\t<\/div>\n\t\t\t\t\t\t\t<\/div>\n\t\t<\/section>\n\t\t<div class=\"elementor-element elementor-element-58bb3a5 e-flex e-con-boxed e-con e-parent\" data-id=\"58bb3a5\" data-element_type=\"container\" data-settings=\"{&quot;content_width&quot;:&quot;boxed&quot;}\" data-core-v316-plus=\"true\">\n\t\t\t\t\t<div class=\"e-con-inner\">\n\t\t\t\t\t<\/div>\n\t\t\t\t<\/div>\n\t\t\t\t\t\t\t<\/div>\n\t\t","protected":false},"excerpt":{"rendered":"<p>Mit &#8218;walk your dog&#8216; kannst Du jederzeit Deine privaten Termine wahrnehmen oder Deinem Beruf nachgehen und dabei stets darauf vertrauen, dass es Deinem geliebten Hund auch in dieser Zeit an nichts fehlt! \u00a0 Ich biete eine professionelle Hundebetreuung auf einer eingez\u00e4unten Freilauffl\u00e4che &#8211; dem Hundeparadies L\u00fcneburg &#8211; an. Dort kann Dein Hund mit vielen anderen &hellip; <\/p>\n<p class=\"link-more\"><a href=\"https:\/\/www.walk-your-dog.de\/?page_id=53\" class=\"more-link\">Continue reading<span class=\"screen-reader-text\"> &#8222;Herzlich Willkommen bei walk your dog!&#8220;<\/span><\/a><\/p>\n","protected":false},"author":1,"featured_media":0,"parent":0,"menu_order":0,"comment_status":"closed","ping_status":"closed","template":"","meta":{"footnotes":""},"class_list":["post-53","page","type-page","status-publish","hentry"],"yoast_head":"<!-- This site is optimized with the Yoast SEO plugin v20.11 - https:\/\/yoast.com\/wordpress\/plugins\/seo\/ -->\n<title>Professionelle Hundebetreuung in L\u00fcneburg<\/title>\n<meta name=\"description\" content=\"walk your dog professionelle Hundebetreuung in und um L\u00fcneburg inklusive Hol- und Bringdienst auf einer eingez\u00e4unten Fl\u00e4che\" \/>\n<meta name=\"robots\" content=\"index, follow, max-snippet:-1, max-image-preview:large, max-video-preview:-1\" \/>\n<link rel=\"canonical\" href=\"https:\/\/www.walk-your-dog.de\/?page_id=53\" \/>\n<meta property=\"og:locale\" content=\"de_DE\" \/>\n<meta property=\"og:type\" content=\"article\" \/>\n<meta property=\"og:title\" content=\"Professionelle Hundebetreuung in L\u00fcneburg\" \/>\n<meta property=\"og:description\" content=\"walk your dog professionelle Hundebetreuung in und um L\u00fcneburg inklusive Hol- und Bringdienst auf einer eingez\u00e4unten Fl\u00e4che\" \/>\n<meta property=\"og:url\" content=\"https:\/\/www.walk-your-dog.de\/?page_id=53\" \/>\n<meta property=\"og:site_name\" content=\"walk your dog\" \/>\n<meta property=\"article:publisher\" content=\"https:\/\/www.facebook.com\/wyd2010\" \/>\n<meta property=\"article:modified_time\" content=\"2025-05-26T18:47:11+00:00\" \/>\n<meta name=\"twitter:card\" content=\"summary_large_image\" \/>\n<meta name=\"twitter:label1\" content=\"Gesch\u00e4tzte Lesezeit\" \/>\n\t<meta name=\"twitter:data1\" content=\"1\u00a0Minute\" \/>\n<script type=\"application\/ld+json\" class=\"yoast-schema-graph\">{\"@context\":\"https:\/\/schema.org\",\"@graph\":[{\"@type\":\"WebPage\",\"@id\":\"https:\/\/www.walk-your-dog.de\/?page_id=53\",\"url\":\"https:\/\/www.walk-your-dog.de\/?page_id=53\",\"name\":\"Professionelle Hundebetreuung in L\u00fcneburg\",\"isPartOf\":{\"@id\":\"https:\/\/www.walk-your-dog.de\/#website\"},\"datePublished\":\"2016-07-29T17:38:24+00:00\",\"dateModified\":\"2025-05-26T18:47:11+00:00\",\"description\":\"walk your dog professionelle Hundebetreuung in und um L\u00fcneburg inklusive Hol- und Bringdienst auf einer eingez\u00e4unten Fl\u00e4che\",\"breadcrumb\":{\"@id\":\"https:\/\/www.walk-your-dog.de\/?page_id=53#breadcrumb\"},\"inLanguage\":\"de\",\"potentialAction\":[{\"@type\":\"ReadAction\",\"target\":[\"https:\/\/www.walk-your-dog.de\/?page_id=53\"]}]},{\"@type\":\"BreadcrumbList\",\"@id\":\"https:\/\/www.walk-your-dog.de\/?page_id=53#breadcrumb\",\"itemListElement\":[{\"@type\":\"ListItem\",\"position\":1,\"name\":\"Startseite\",\"item\":\"https:\/\/www.walk-your-dog.de\/\"},{\"@type\":\"ListItem\",\"position\":2,\"name\":\"Herzlich Willkommen bei walk your dog!\"}]},{\"@type\":\"WebSite\",\"@id\":\"https:\/\/www.walk-your-dog.de\/#website\",\"url\":\"https:\/\/www.walk-your-dog.de\/\",\"name\":\"walk your dog\",\"description\":\"Hundebetreuung\",\"publisher\":{\"@id\":\"https:\/\/www.walk-your-dog.de\/#organization\"},\"potentialAction\":[{\"@type\":\"SearchAction\",\"target\":{\"@type\":\"EntryPoint\",\"urlTemplate\":\"https:\/\/www.walk-your-dog.de\/?s={search_term_string}\"},\"query-input\":\"required name=search_term_string\"}],\"inLanguage\":\"de\"},{\"@type\":\"Organization\",\"@id\":\"https:\/\/www.walk-your-dog.de\/#organization\",\"name\":\"walk your dog - professionelle Hundebetreuung\",\"url\":\"https:\/\/www.walk-your-dog.de\/\",\"logo\":{\"@type\":\"ImageObject\",\"inLanguage\":\"de\",\"@id\":\"https:\/\/www.walk-your-dog.de\/#\/schema\/logo\/image\/\",\"url\":\"https:\/\/www.walk-your-dog.de\/wp-content\/uploads\/2023\/05\/cropped-black_logo_transparent_background.png\",\"contentUrl\":\"https:\/\/www.walk-your-dog.de\/wp-content\/uploads\/2023\/05\/cropped-black_logo_transparent_background.png\",\"width\":240,\"height\":191,\"caption\":\"walk your dog - professionelle Hundebetreuung\"},\"image\":{\"@id\":\"https:\/\/www.walk-your-dog.de\/#\/schema\/logo\/image\/\"},\"sameAs\":[\"https:\/\/www.facebook.com\/wyd2010\",\"https:\/\/www.instagram.com\/walk_your_dog_lueneburg\/?hl=de\"]}]}<\/script>\n<!-- \/ Yoast SEO plugin. -->","yoast_head_json":{"title":"Professionelle Hundebetreuung in L\u00fcneburg","description":"walk your dog professionelle Hundebetreuung in und um L\u00fcneburg inklusive Hol- und Bringdienst auf einer eingez\u00e4unten Fl\u00e4che","robots":{"index":"index","follow":"follow","max-snippet":"max-snippet:-1","max-image-preview":"max-image-preview:large","max-video-preview":"max-video-preview:-1"},"canonical":"https:\/\/www.walk-your-dog.de\/?page_id=53","og_locale":"de_DE","og_type":"article","og_title":"Professionelle Hundebetreuung in L\u00fcneburg","og_description":"walk your dog professionelle Hundebetreuung in und um L\u00fcneburg inklusive Hol- und Bringdienst auf einer eingez\u00e4unten Fl\u00e4che","og_url":"https:\/\/www.walk-your-dog.de\/?page_id=53","og_site_name":"walk your dog","article_publisher":"https:\/\/www.facebook.com\/wyd2010","article_modified_time":"2025-05-26T18:47:11+00:00","twitter_card":"summary_large_image","twitter_misc":{"Gesch\u00e4tzte Lesezeit":"1\u00a0Minute"},"schema":{"@context":"https:\/\/schema.org","@graph":[{"@type":"WebPage","@id":"https:\/\/www.walk-your-dog.de\/?page_id=53","url":"https:\/\/www.walk-your-dog.de\/?page_id=53","name":"Professionelle Hundebetreuung in L\u00fcneburg","isPartOf":{"@id":"https:\/\/www.walk-your-dog.de\/#website"},"datePublished":"2016-07-29T17:38:24+00:00","dateModified":"2025-05-26T18:47:11+00:00","description":"walk your dog professionelle Hundebetreuung in und um L\u00fcneburg inklusive Hol- und Bringdienst auf einer eingez\u00e4unten Fl\u00e4che","breadcrumb":{"@id":"https:\/\/www.walk-your-dog.de\/?page_id=53#breadcrumb"},"inLanguage":"de","potentialAction":[{"@type":"ReadAction","target":["https:\/\/www.walk-your-dog.de\/?page_id=53"]}]},{"@type":"BreadcrumbList","@id":"https:\/\/www.walk-your-dog.de\/?page_id=53#breadcrumb","itemListElement":[{"@type":"ListItem","position":1,"name":"Startseite","item":"https:\/\/www.walk-your-dog.de\/"},{"@type":"ListItem","position":2,"name":"Herzlich Willkommen bei walk your dog!"}]},{"@type":"WebSite","@id":"https:\/\/www.walk-your-dog.de\/#website","url":"https:\/\/www.walk-your-dog.de\/","name":"walk your dog","description":"Hundebetreuung","publisher":{"@id":"https:\/\/www.walk-your-dog.de\/#organization"},"potentialAction":[{"@type":"SearchAction","target":{"@type":"EntryPoint","urlTemplate":"https:\/\/www.walk-your-dog.de\/?s={search_term_string}"},"query-input":"required name=search_term_string"}],"inLanguage":"de"},{"@type":"Organization","@id":"https:\/\/www.walk-your-dog.de\/#organization","name":"walk your dog - professionelle Hundebetreuung","url":"https:\/\/www.walk-your-dog.de\/","logo":{"@type":"ImageObject","inLanguage":"de","@id":"https:\/\/www.walk-your-dog.de\/#\/schema\/logo\/image\/","url":"https:\/\/www.walk-your-dog.de\/wp-content\/uploads\/2023\/05\/cropped-black_logo_transparent_background.png","contentUrl":"https:\/\/www.walk-your-dog.de\/wp-content\/uploads\/2023\/05\/cropped-black_logo_transparent_background.png","width":240,"height":191,"caption":"walk your dog - professionelle Hundebetreuung"},"image":{"@id":"https:\/\/www.walk-your-dog.de\/#\/schema\/logo\/image\/"},"sameAs":["https:\/\/www.facebook.com\/wyd2010","https:\/\/www.instagram.com\/walk_your_dog_lueneburg\/?hl=de"]}]}},"_links":{"self":[{"href":"https:\/\/www.walk-your-dog.de\/index.php?rest_route=\/wp\/v2\/pages\/53","targetHints":{"allow":["GET"]}}],"collection":[{"href":"https:\/\/www.walk-your-dog.de\/index.php?rest_route=\/wp\/v2\/pages"}],"about":[{"href":"https:\/\/www.walk-your-dog.de\/index.php?rest_route=\/wp\/v2\/types\/page"}],"author":[{"embeddable":true,"href":"https:\/\/www.walk-your-dog.de\/index.php?rest_route=\/wp\/v2\/users\/1"}],"replies":[{"embeddable":true,"href":"https:\/\/www.walk-your-dog.de\/index.php?rest_route=%2Fwp%2Fv2%2Fcomments&post=53"}],"version-history":[{"count":12,"href":"https:\/\/www.walk-your-dog.de\/index.php?rest_route=\/wp\/v2\/pages\/53\/revisions"}],"predecessor-version":[{"id":640,"href":"https:\/\/www.walk-your-dog.de\/index.php?rest_route=\/wp\/v2\/pages\/53\/revisions\/640"}],"wp:attachment":[{"href":"https:\/\/www.walk-your-dog.de\/index.php?rest_route=%2Fwp%2Fv2%2Fmedia&parent=53"}],"curies":[{"name":"wp","href":"https:\/\/api.w.org\/{rel}","templated":true}]}}