{"id":54,"date":"2016-07-29T20:34:35","date_gmt":"2016-07-29T18:34:35","guid":{"rendered":"http:\/\/www.walk-your-dog.de\/?page_id=15"},"modified":"2024-01-03T13:30:59","modified_gmt":"2024-01-03T12:30:59","slug":"hundebetreuung-bei-anny-im-hundeparadies-lueneburg","status":"publish","type":"page","link":"https:\/\/www.walk-your-dog.de\/?page_id=54","title":{"rendered":"\u00dcber mich"},"content":{"rendered":"\t\t<div data-elementor-type=\"wp-page\" data-elementor-id=\"54\" class=\"elementor elementor-54\">\n\t\t\t\t\t\t\t<div class=\"elementor-element elementor-element-cbddf73 e-flex e-con-boxed e-con e-parent\" data-id=\"cbddf73\" data-element_type=\"container\" data-settings=\"{&quot;content_width&quot;:&quot;boxed&quot;}\" data-core-v316-plus=\"true\">\n\t\t\t\t\t<div class=\"e-con-inner\">\n\t\t<div class=\"elementor-element elementor-element-bd70519 e-con-full e-flex e-con e-child\" data-id=\"bd70519\" data-element_type=\"container\" data-settings=\"{&quot;content_width&quot;:&quot;full&quot;}\">\n\t\t\t\t<div class=\"elementor-element elementor-element-8961b95 elementor-widget elementor-widget-spacer\" data-id=\"8961b95\" data-element_type=\"widget\" data-widget_type=\"spacer.default\">\n\t\t\t\t<div class=\"elementor-widget-container\">\n\t\t\t<style>\/*! elementor - v3.18.0 - 20-12-2023 *\/\n.elementor-column .elementor-spacer-inner{height:var(--spacer-size)}.e-con{--container-widget-width:100%}.e-con-inner>.elementor-widget-spacer,.e-con>.elementor-widget-spacer{width:var(--container-widget-width,var(--spacer-size));--align-self:var(--container-widget-align-self,initial);--flex-shrink:0}.e-con-inner>.elementor-widget-spacer>.elementor-widget-container,.e-con>.elementor-widget-spacer>.elementor-widget-container{height:100%;width:100%}.e-con-inner>.elementor-widget-spacer>.elementor-widget-container>.elementor-spacer,.e-con>.elementor-widget-spacer>.elementor-widget-container>.elementor-spacer{height:100%}.e-con-inner>.elementor-widget-spacer>.elementor-widget-container>.elementor-spacer>.elementor-spacer-inner,.e-con>.elementor-widget-spacer>.elementor-widget-container>.elementor-spacer>.elementor-spacer-inner{height:var(--container-widget-height,var(--spacer-size))}.e-con-inner>.elementor-widget-spacer.elementor-widget-empty,.e-con>.elementor-widget-spacer.elementor-widget-empty{position:relative;min-height:22px;min-width:22px}.e-con-inner>.elementor-widget-spacer.elementor-widget-empty .elementor-widget-empty-icon,.e-con>.elementor-widget-spacer.elementor-widget-empty .elementor-widget-empty-icon{position:absolute;top:0;bottom:0;left:0;right:0;margin:auto;padding:0;width:22px;height:22px}<\/style>\t\t<div class=\"elementor-spacer\">\n\t\t\t<div class=\"elementor-spacer-inner\"><\/div>\n\t\t<\/div>\n\t\t\t\t<\/div>\n\t\t\t\t<\/div>\n\t\t\t\t<div class=\"elementor-element elementor-element-9857612 elementor-widget elementor-widget-text-editor\" data-id=\"9857612\" data-element_type=\"widget\" data-widget_type=\"text-editor.default\">\n\t\t\t\t<div class=\"elementor-widget-container\">\n\t\t\t<style>\/*! elementor - v3.18.0 - 20-12-2023 *\/\n.elementor-widget-text-editor.elementor-drop-cap-view-stacked .elementor-drop-cap{background-color:#69727d;color:#fff}.elementor-widget-text-editor.elementor-drop-cap-view-framed .elementor-drop-cap{color:#69727d;border:3px solid;background-color:transparent}.elementor-widget-text-editor:not(.elementor-drop-cap-view-default) .elementor-drop-cap{margin-top:8px}.elementor-widget-text-editor:not(.elementor-drop-cap-view-default) .elementor-drop-cap-letter{width:1em;height:1em}.elementor-widget-text-editor .elementor-drop-cap{float:left;text-align:center;line-height:1;font-size:50px}.elementor-widget-text-editor .elementor-drop-cap-letter{display:inline-block}<\/style>\t\t\t\t<p>Ich verstehe, dass es dir wichtig ist, zu wissen, wer sich um deinen Hund k\u00fcmmert, wenn du nicht da bist. Mein Name ist Anny und ich leite die Hundebetreuung &#8222;walk-your-dog&#8220;. Zusammen mit meinem Team, bestehend aus Lira und Br\u00f6sel, k\u00fcmmere ich mich liebevoll um die Vierbeiner.<\/p><p>Meine Leidenschaft f\u00fcr Tiere begann schon in meiner Kindheit. Bereits im Alter von 10 Jahren habe ich die ersten Erfahrungen als Hundesitterin gemacht, indem ich mit den Hunden meiner Nachbarn spazieren gegangen bin. Schnell sprach sich herum, dass ich ein H\u00e4ndchen f\u00fcr Tiere habe, und so vertrauten mir immer mehr Hundebesitzer ihre Lieblinge an.<\/p><p>Mein Wunsch nach einem eigenen Haustier wurde immer gr\u00f6\u00dfer und mit 14 Jahren bekam ich meinen ersten Hund, einen Appenzeller Sennenhund. Es folgten Meerschweinchen, Kaninchen, Degus, Zwerghamster und Ratten. Meine Liebe und Verbundenheit zu Tieren hat mich schlie\u00dflich dazu bewogen, meine Leidenschaft zum Beruf zu machen.<\/p><p>Nachdem ich 7 Jahre lang stellvertretende Filialleiterin bei einer gro\u00dfen Drogeriemarktkette war, habe ich mich entschlossen, meinen Traum zu verwirklichen und die Hundebetreuung &#8222;walk-your-dog&#8220; zu gr\u00fcnden. In den letzten Jahren habe ich zahlreiche <a href=\"https:\/\/www.walk-your-dog.de\/?page_id=336\">Fortbildungen<\/a> absolviert, um mein Wissen \u00fcber Hunde und ihre Bed\u00fcrfnisse zu erweitern.<\/p><p>In meiner Hundebetreuung k\u00fcmmere ich mich t\u00e4glich um bis zu 15 Hunde gleichzeitig, unabh\u00e4ngig von Alter und Gr\u00f6\u00dfe. Einige der Hunde begleiten mich schon seit \u00fcber 10 Jahren. Hier erf\u00e4hrst du mehr \u00fcber unsere <a href=\"https:\/\/www.walk-your-dog.de\/?page_id=55\">Hundebetreuung<\/a>.<\/p><p><strong>Dein Hund ist bei uns in den besten H\u00e4nden!<\/strong><\/p>\t\t\t\t\t\t<\/div>\n\t\t\t\t<\/div>\n\t\t\t\t<div class=\"elementor-element elementor-element-44529c0 elementor-widget elementor-widget-text-editor\" data-id=\"44529c0\" data-element_type=\"widget\" data-widget_type=\"text-editor.default\">\n\t\t\t\t<div class=\"elementor-widget-container\">\n\t\t\t\t\t\t\t<p style=\"text-align: center;\">Meine alte Dame Lira k\u00fcmmert sich im <a href=\"https:\/\/www.hundeparadies-lueneburg.de\" target=\"_blank\" rel=\"noopener\">Hundeparadies L\u00fcneburg<\/a> darum, dass sich die M\u00e4use nicht zu sehr vermehren \u2013 sie liebt es zu buddeln.<\/p>\t\t\t\t\t\t<\/div>\n\t\t\t\t<\/div>\n\t\t\t\t<div class=\"elementor-element elementor-element-051bbb3 elementor-widget elementor-widget-spacer\" data-id=\"051bbb3\" data-element_type=\"widget\" data-widget_type=\"spacer.default\">\n\t\t\t\t<div class=\"elementor-widget-container\">\n\t\t\t\t\t<div class=\"elementor-spacer\">\n\t\t\t<div class=\"elementor-spacer-inner\"><\/div>\n\t\t<\/div>\n\t\t\t\t<\/div>\n\t\t\t\t<\/div>\n\t\t\t\t<div class=\"elementor-element elementor-element-831bf01 elementor-widget elementor-widget-text-editor\" data-id=\"831bf01\" data-element_type=\"widget\" data-widget_type=\"text-editor.default\">\n\t\t\t\t<div class=\"elementor-widget-container\">\n\t\t\t\t\t\t\t<p style=\"text-align: center;\">Mein Jungspund Br\u00f6sel hat fast immer gute Laune und m\u00f6chte einfach jedem gefallen. Er verteilt K\u00fcsse an jeden, der welche m\u00f6chte \u2013 \u00fcbrigens auch an die, die keine K\u00fcsse m\u00f6chten.<\/p>\t\t\t\t\t\t<\/div>\n\t\t\t\t<\/div>\n\t\t\t\t<\/div>\n\t\t<div class=\"elementor-element elementor-element-cd53144 e-con-full e-flex e-con e-child\" data-id=\"cd53144\" data-element_type=\"container\" data-settings=\"{&quot;content_width&quot;:&quot;full&quot;}\">\n\t\t<div class=\"elementor-element elementor-element-1d41bbd e-flex e-con-boxed e-con e-child\" data-id=\"1d41bbd\" data-element_type=\"container\" data-settings=\"{&quot;content_width&quot;:&quot;boxed&quot;}\">\n\t\t\t\t\t<div class=\"e-con-inner\">\n\t\t\t\t<div class=\"elementor-element elementor-element-0bb7ab8 elementor-widget elementor-widget-image\" data-id=\"0bb7ab8\" data-element_type=\"widget\" data-widget_type=\"image.default\">\n\t\t\t\t<div class=\"elementor-widget-container\">\n\t\t\t<style>\/*! elementor - v3.18.0 - 20-12-2023 *\/\n.elementor-widget-image{text-align:center}.elementor-widget-image a{display:inline-block}.elementor-widget-image a img[src$=\".svg\"]{width:48px}.elementor-widget-image img{vertical-align:middle;display:inline-block}<\/style>\t\t\t\t\t\t\t\t\t\t\t\t<img fetchpriority=\"high\" decoding=\"async\" width=\"300\" height=\"300\" src=\"https:\/\/www.walk-your-dog.de\/wp-content\/uploads\/2024\/01\/IMG_20231201_082323_147-300x300.jpg\" class=\"attachment-medium size-medium wp-image-489\" alt=\"hundebetreuung auf schlitten\" srcset=\"https:\/\/www.walk-your-dog.de\/wp-content\/uploads\/2024\/01\/IMG_20231201_082323_147-300x300.jpg 300w, https:\/\/www.walk-your-dog.de\/wp-content\/uploads\/2024\/01\/IMG_20231201_082323_147-1024x1024.jpg 1024w, https:\/\/www.walk-your-dog.de\/wp-content\/uploads\/2024\/01\/IMG_20231201_082323_147-150x150.jpg 150w, https:\/\/www.walk-your-dog.de\/wp-content\/uploads\/2024\/01\/IMG_20231201_082323_147-768x768.jpg 768w, https:\/\/www.walk-your-dog.de\/wp-content\/uploads\/2024\/01\/IMG_20231201_082323_147-1536x1536.jpg 1536w, https:\/\/www.walk-your-dog.de\/wp-content\/uploads\/2024\/01\/IMG_20231201_082323_147-2048x2048.jpg 2048w\" sizes=\"(max-width: 300px) 100vw, 300px\" \/>\t\t\t\t\t\t\t\t\t\t\t\t\t\t\t<\/div>\n\t\t\t\t<\/div>\n\t\t\t\t<div class=\"elementor-element elementor-element-aa32156 elementor-widget elementor-widget-image\" data-id=\"aa32156\" data-element_type=\"widget\" data-widget_type=\"image.default\">\n\t\t\t\t<div class=\"elementor-widget-container\">\n\t\t\t\t\t\t\t\t\t\t\t\t\t\t\t<img decoding=\"async\" width=\"300\" height=\"300\" src=\"https:\/\/www.walk-your-dog.de\/wp-content\/uploads\/2024\/01\/anny_hunde-300x300.jpg\" class=\"attachment-medium size-medium wp-image-511\" alt=\"Hundebetreuung Anny\" srcset=\"https:\/\/www.walk-your-dog.de\/wp-content\/uploads\/2024\/01\/anny_hunde-300x300.jpg 300w, https:\/\/www.walk-your-dog.de\/wp-content\/uploads\/2024\/01\/anny_hunde-1024x1024.jpg 1024w, https:\/\/www.walk-your-dog.de\/wp-content\/uploads\/2024\/01\/anny_hunde-150x150.jpg 150w, https:\/\/www.walk-your-dog.de\/wp-content\/uploads\/2024\/01\/anny_hunde-768x768.jpg 768w, https:\/\/www.walk-your-dog.de\/wp-content\/uploads\/2024\/01\/anny_hunde.jpg 1200w\" sizes=\"(max-width: 300px) 100vw, 300px\" \/>\t\t\t\t\t\t\t\t\t\t\t\t\t\t\t<\/div>\n\t\t\t\t<\/div>\n\t\t\t\t\t<\/div>\n\t\t\t\t<\/div>\n\t\t<div class=\"elementor-element elementor-element-2853e91 e-flex e-con-boxed e-con e-child\" data-id=\"2853e91\" data-element_type=\"container\" data-settings=\"{&quot;content_width&quot;:&quot;boxed&quot;}\">\n\t\t\t\t\t<div class=\"e-con-inner\">\n\t\t\t\t<div class=\"elementor-element elementor-element-fbb0736 elementor-widget elementor-widget-image\" data-id=\"fbb0736\" data-element_type=\"widget\" data-widget_type=\"image.default\">\n\t\t\t\t<div class=\"elementor-widget-container\">\n\t\t\t\t\t\t\t\t\t\t\t\t\t\t\t<img decoding=\"async\" width=\"300\" height=\"300\" src=\"https:\/\/www.walk-your-dog.de\/wp-content\/uploads\/2024\/01\/Lira_buddeln-300x300.jpg\" class=\"attachment-medium size-medium wp-image-509\" alt=\"Hund buddelt\" srcset=\"https:\/\/www.walk-your-dog.de\/wp-content\/uploads\/2024\/01\/Lira_buddeln-300x300.jpg 300w, https:\/\/www.walk-your-dog.de\/wp-content\/uploads\/2024\/01\/Lira_buddeln-1024x1024.jpg 1024w, https:\/\/www.walk-your-dog.de\/wp-content\/uploads\/2024\/01\/Lira_buddeln-150x150.jpg 150w, https:\/\/www.walk-your-dog.de\/wp-content\/uploads\/2024\/01\/Lira_buddeln-768x768.jpg 768w, https:\/\/www.walk-your-dog.de\/wp-content\/uploads\/2024\/01\/Lira_buddeln-1536x1536.jpg 1536w, https:\/\/www.walk-your-dog.de\/wp-content\/uploads\/2024\/01\/Lira_buddeln-2048x2048.jpg 2048w\" sizes=\"(max-width: 300px) 100vw, 300px\" \/>\t\t\t\t\t\t\t\t\t\t\t\t\t\t\t<\/div>\n\t\t\t\t<\/div>\n\t\t\t\t<div class=\"elementor-element elementor-element-dfe2970 elementor-widget elementor-widget-image\" data-id=\"dfe2970\" data-element_type=\"widget\" data-widget_type=\"image.default\">\n\t\t\t\t<div class=\"elementor-widget-container\">\n\t\t\t\t\t\t\t\t\t\t\t\t\t\t\t<img loading=\"lazy\" decoding=\"async\" width=\"300\" height=\"300\" src=\"https:\/\/www.walk-your-dog.de\/wp-content\/uploads\/2024\/01\/Broesel-300x300.jpg\" class=\"attachment-medium size-medium wp-image-510\" alt=\"\" srcset=\"https:\/\/www.walk-your-dog.de\/wp-content\/uploads\/2024\/01\/Broesel-300x300.jpg 300w, https:\/\/www.walk-your-dog.de\/wp-content\/uploads\/2024\/01\/Broesel-1024x1024.jpg 1024w, https:\/\/www.walk-your-dog.de\/wp-content\/uploads\/2024\/01\/Broesel-150x150.jpg 150w, https:\/\/www.walk-your-dog.de\/wp-content\/uploads\/2024\/01\/Broesel-768x768.jpg 768w, https:\/\/www.walk-your-dog.de\/wp-content\/uploads\/2024\/01\/Broesel-1536x1536.jpg 1536w, https:\/\/www.walk-your-dog.de\/wp-content\/uploads\/2024\/01\/Broesel-2048x2048.jpg 2048w\" sizes=\"(max-width: 300px) 100vw, 300px\" \/>\t\t\t\t\t\t\t\t\t\t\t\t\t\t\t<\/div>\n\t\t\t\t<\/div>\n\t\t\t\t\t<\/div>\n\t\t\t\t<\/div>\n\t\t\t\t<\/div>\n\t\t\t\t\t<\/div>\n\t\t\t\t<\/div>\n\t\t\t\t\t\t\t<\/div>\n\t\t","protected":false},"excerpt":{"rendered":"<p>Ich verstehe, dass es dir wichtig ist, zu wissen, wer sich um deinen Hund k\u00fcmmert, wenn du nicht da bist. Mein Name ist Anny und ich leite die Hundebetreuung &#8222;walk-your-dog&#8220;. Zusammen mit meinem Team, bestehend aus Lira und Br\u00f6sel, k\u00fcmmere ich mich liebevoll um die Vierbeiner. Meine Leidenschaft f\u00fcr Tiere begann schon in meiner Kindheit. &hellip; <\/p>\n<p class=\"link-more\"><a href=\"https:\/\/www.walk-your-dog.de\/?page_id=54\" class=\"more-link\">Continue reading<span class=\"screen-reader-text\"> &#8222;\u00dcber mich&#8220;<\/span><\/a><\/p>\n","protected":false},"author":1,"featured_media":0,"parent":0,"menu_order":0,"comment_status":"closed","ping_status":"closed","template":"","meta":{"footnotes":""},"class_list":["post-54","page","type-page","status-publish","hentry"],"yoast_head":"<!-- This site is optimized with the Yoast SEO plugin v20.11 - https:\/\/yoast.com\/wordpress\/plugins\/seo\/ -->\n<title>Hundebetreuung bei Anny - walk your dog<\/title>\n<meta name=\"description\" content=\"Auf dieser Seite kannst Du mehr \u00fcber die Hundebetreuung walk your dog, mich (Anny) und meine Hunde erfahren\" \/>\n<meta name=\"robots\" content=\"index, follow, max-snippet:-1, max-image-preview:large, max-video-preview:-1\" \/>\n<link rel=\"canonical\" href=\"https:\/\/www.walk-your-dog.de\/?page_id=54\" \/>\n<meta property=\"og:locale\" content=\"de_DE\" \/>\n<meta property=\"og:type\" content=\"article\" \/>\n<meta property=\"og:title\" content=\"walk your dog Hundebetreuung in L\u00fcneburg\" \/>\n<meta property=\"og:description\" content=\"Erfahre mehr \u00fcber walk your dog - der Hundebetreuung in L\u00fcneburg und Umgebung\" \/>\n<meta property=\"og:url\" content=\"https:\/\/www.walk-your-dog.de\/?page_id=54\" \/>\n<meta property=\"og:site_name\" content=\"walk your dog\" \/>\n<meta property=\"article:publisher\" content=\"https:\/\/www.facebook.com\/wyd2010\" \/>\n<meta property=\"article:modified_time\" content=\"2024-01-03T12:30:59+00:00\" \/>\n<meta property=\"og:image\" content=\"https:\/\/www.walk-your-dog.de\/wp-content\/uploads\/2024\/01\/anny_hunde.jpg\" \/>\n\t<meta property=\"og:image:width\" content=\"1200\" \/>\n\t<meta property=\"og:image:height\" content=\"1200\" \/>\n\t<meta property=\"og:image:type\" content=\"image\/jpeg\" \/>\n<meta name=\"twitter:card\" content=\"summary_large_image\" \/>\n<meta name=\"twitter:label1\" content=\"Gesch\u00e4tzte Lesezeit\" \/>\n\t<meta name=\"twitter:data1\" content=\"3\u00a0Minuten\" \/>\n<script type=\"application\/ld+json\" class=\"yoast-schema-graph\">{\"@context\":\"https:\/\/schema.org\",\"@graph\":[{\"@type\":\"WebPage\",\"@id\":\"https:\/\/www.walk-your-dog.de\/?page_id=54\",\"url\":\"https:\/\/www.walk-your-dog.de\/?page_id=54\",\"name\":\"Hundebetreuung bei Anny - walk your dog\",\"isPartOf\":{\"@id\":\"https:\/\/www.walk-your-dog.de\/#website\"},\"datePublished\":\"2016-07-29T18:34:35+00:00\",\"dateModified\":\"2024-01-03T12:30:59+00:00\",\"description\":\"Auf dieser Seite kannst Du mehr \u00fcber die Hundebetreuung walk your dog, mich (Anny) und meine Hunde erfahren\",\"breadcrumb\":{\"@id\":\"https:\/\/www.walk-your-dog.de\/?page_id=54#breadcrumb\"},\"inLanguage\":\"de\",\"potentialAction\":[{\"@type\":\"ReadAction\",\"target\":[\"https:\/\/www.walk-your-dog.de\/?page_id=54\"]}]},{\"@type\":\"BreadcrumbList\",\"@id\":\"https:\/\/www.walk-your-dog.de\/?page_id=54#breadcrumb\",\"itemListElement\":[{\"@type\":\"ListItem\",\"position\":1,\"name\":\"Startseite\",\"item\":\"https:\/\/www.walk-your-dog.de\/\"},{\"@type\":\"ListItem\",\"position\":2,\"name\":\"\u00dcber mich\"}]},{\"@type\":\"WebSite\",\"@id\":\"https:\/\/www.walk-your-dog.de\/#website\",\"url\":\"https:\/\/www.walk-your-dog.de\/\",\"name\":\"walk your dog\",\"description\":\"Hundebetreuung\",\"publisher\":{\"@id\":\"https:\/\/www.walk-your-dog.de\/#organization\"},\"potentialAction\":[{\"@type\":\"SearchAction\",\"target\":{\"@type\":\"EntryPoint\",\"urlTemplate\":\"https:\/\/www.walk-your-dog.de\/?s={search_term_string}\"},\"query-input\":\"required name=search_term_string\"}],\"inLanguage\":\"de\"},{\"@type\":\"Organization\",\"@id\":\"https:\/\/www.walk-your-dog.de\/#organization\",\"name\":\"walk your dog - professionelle Hundebetreuung\",\"url\":\"https:\/\/www.walk-your-dog.de\/\",\"logo\":{\"@type\":\"ImageObject\",\"inLanguage\":\"de\",\"@id\":\"https:\/\/www.walk-your-dog.de\/#\/schema\/logo\/image\/\",\"url\":\"https:\/\/www.walk-your-dog.de\/wp-content\/uploads\/2023\/05\/cropped-black_logo_transparent_background.png\",\"contentUrl\":\"https:\/\/www.walk-your-dog.de\/wp-content\/uploads\/2023\/05\/cropped-black_logo_transparent_background.png\",\"width\":240,\"height\":191,\"caption\":\"walk your dog - professionelle Hundebetreuung\"},\"image\":{\"@id\":\"https:\/\/www.walk-your-dog.de\/#\/schema\/logo\/image\/\"},\"sameAs\":[\"https:\/\/www.facebook.com\/wyd2010\",\"https:\/\/www.instagram.com\/walk_your_dog_lueneburg\/?hl=de\"]}]}<\/script>\n<!-- \/ Yoast SEO plugin. -->","yoast_head_json":{"title":"Hundebetreuung bei Anny - walk your dog","description":"Auf dieser Seite kannst Du mehr \u00fcber die Hundebetreuung walk your dog, mich (Anny) und meine Hunde erfahren","robots":{"index":"index","follow":"follow","max-snippet":"max-snippet:-1","max-image-preview":"max-image-preview:large","max-video-preview":"max-video-preview:-1"},"canonical":"https:\/\/www.walk-your-dog.de\/?page_id=54","og_locale":"de_DE","og_type":"article","og_title":"walk your dog Hundebetreuung in L\u00fcneburg","og_description":"Erfahre mehr \u00fcber walk your dog - der Hundebetreuung in L\u00fcneburg und Umgebung","og_url":"https:\/\/www.walk-your-dog.de\/?page_id=54","og_site_name":"walk your dog","article_publisher":"https:\/\/www.facebook.com\/wyd2010","article_modified_time":"2024-01-03T12:30:59+00:00","og_image":[{"width":1200,"height":1200,"url":"https:\/\/www.walk-your-dog.de\/wp-content\/uploads\/2024\/01\/anny_hunde.jpg","type":"image\/jpeg"}],"twitter_card":"summary_large_image","twitter_misc":{"Gesch\u00e4tzte Lesezeit":"3\u00a0Minuten"},"schema":{"@context":"https:\/\/schema.org","@graph":[{"@type":"WebPage","@id":"https:\/\/www.walk-your-dog.de\/?page_id=54","url":"https:\/\/www.walk-your-dog.de\/?page_id=54","name":"Hundebetreuung bei Anny - walk your dog","isPartOf":{"@id":"https:\/\/www.walk-your-dog.de\/#website"},"datePublished":"2016-07-29T18:34:35+00:00","dateModified":"2024-01-03T12:30:59+00:00","description":"Auf dieser Seite kannst Du mehr \u00fcber die Hundebetreuung walk your dog, mich (Anny) und meine Hunde erfahren","breadcrumb":{"@id":"https:\/\/www.walk-your-dog.de\/?page_id=54#breadcrumb"},"inLanguage":"de","potentialAction":[{"@type":"ReadAction","target":["https:\/\/www.walk-your-dog.de\/?page_id=54"]}]},{"@type":"BreadcrumbList","@id":"https:\/\/www.walk-your-dog.de\/?page_id=54#breadcrumb","itemListElement":[{"@type":"ListItem","position":1,"name":"Startseite","item":"https:\/\/www.walk-your-dog.de\/"},{"@type":"ListItem","position":2,"name":"\u00dcber mich"}]},{"@type":"WebSite","@id":"https:\/\/www.walk-your-dog.de\/#website","url":"https:\/\/www.walk-your-dog.de\/","name":"walk your dog","description":"Hundebetreuung","publisher":{"@id":"https:\/\/www.walk-your-dog.de\/#organization"},"potentialAction":[{"@type":"SearchAction","target":{"@type":"EntryPoint","urlTemplate":"https:\/\/www.walk-your-dog.de\/?s={search_term_string}"},"query-input":"required name=search_term_string"}],"inLanguage":"de"},{"@type":"Organization","@id":"https:\/\/www.walk-your-dog.de\/#organization","name":"walk your dog - professionelle Hundebetreuung","url":"https:\/\/www.walk-your-dog.de\/","logo":{"@type":"ImageObject","inLanguage":"de","@id":"https:\/\/www.walk-your-dog.de\/#\/schema\/logo\/image\/","url":"https:\/\/www.walk-your-dog.de\/wp-content\/uploads\/2023\/05\/cropped-black_logo_transparent_background.png","contentUrl":"https:\/\/www.walk-your-dog.de\/wp-content\/uploads\/2023\/05\/cropped-black_logo_transparent_background.png","width":240,"height":191,"caption":"walk your dog - professionelle Hundebetreuung"},"image":{"@id":"https:\/\/www.walk-your-dog.de\/#\/schema\/logo\/image\/"},"sameAs":["https:\/\/www.facebook.com\/wyd2010","https:\/\/www.instagram.com\/walk_your_dog_lueneburg\/?hl=de"]}]}},"_links":{"self":[{"href":"https:\/\/www.walk-your-dog.de\/index.php?rest_route=\/wp\/v2\/pages\/54","targetHints":{"allow":["GET"]}}],"collection":[{"href":"https:\/\/www.walk-your-dog.de\/index.php?rest_route=\/wp\/v2\/pages"}],"about":[{"href":"https:\/\/www.walk-your-dog.de\/index.php?rest_route=\/wp\/v2\/types\/page"}],"author":[{"embeddable":true,"href":"https:\/\/www.walk-your-dog.de\/index.php?rest_route=\/wp\/v2\/users\/1"}],"replies":[{"embeddable":true,"href":"https:\/\/www.walk-your-dog.de\/index.php?rest_route=%2Fwp%2Fv2%2Fcomments&post=54"}],"version-history":[{"count":14,"href":"https:\/\/www.walk-your-dog.de\/index.php?rest_route=\/wp\/v2\/pages\/54\/revisions"}],"predecessor-version":[{"id":521,"href":"https:\/\/www.walk-your-dog.de\/index.php?rest_route=\/wp\/v2\/pages\/54\/revisions\/521"}],"wp:attachment":[{"href":"https:\/\/www.walk-your-dog.de\/index.php?rest_route=%2Fwp%2Fv2%2Fmedia&parent=54"}],"curies":[{"name":"wp","href":"https:\/\/api.w.org\/{rel}","templated":true}]}}