{"id":55,"date":"2016-07-29T21:52:44","date_gmt":"2016-07-29T19:52:44","guid":{"rendered":"http:\/\/www.walk-your-dog.de\/?page_id=22"},"modified":"2025-05-26T20:50:36","modified_gmt":"2025-05-26T18:50:36","slug":"betreuung","status":"publish","type":"page","link":"https:\/\/www.walk-your-dog.de\/?page_id=55","title":{"rendered":"Leistungen"},"content":{"rendered":"\t\t<div data-elementor-type=\"wp-page\" data-elementor-id=\"55\" class=\"elementor elementor-55\">\n\t\t\t\t\t\t\t<div class=\"elementor-element elementor-element-c6f5d58 e-flex e-con-boxed e-con e-parent\" data-id=\"c6f5d58\" data-element_type=\"container\" data-settings=\"{&quot;content_width&quot;:&quot;boxed&quot;}\" data-core-v316-plus=\"true\">\n\t\t\t\t\t<div class=\"e-con-inner\">\n\t\t<div class=\"elementor-element elementor-element-216cc3c e-con-full e-flex e-con e-child\" data-id=\"216cc3c\" data-element_type=\"container\" data-settings=\"{&quot;content_width&quot;:&quot;full&quot;}\">\n\t\t\t\t<div class=\"elementor-element elementor-element-c76ad2e elementor-widget elementor-widget-text-editor\" data-id=\"c76ad2e\" data-element_type=\"widget\" data-widget_type=\"text-editor.default\">\n\t\t\t\t<div class=\"elementor-widget-container\">\n\t\t\t<style>\/*! elementor - v3.18.0 - 20-12-2023 *\/\n.elementor-widget-text-editor.elementor-drop-cap-view-stacked .elementor-drop-cap{background-color:#69727d;color:#fff}.elementor-widget-text-editor.elementor-drop-cap-view-framed .elementor-drop-cap{color:#69727d;border:3px solid;background-color:transparent}.elementor-widget-text-editor:not(.elementor-drop-cap-view-default) .elementor-drop-cap{margin-top:8px}.elementor-widget-text-editor:not(.elementor-drop-cap-view-default) .elementor-drop-cap-letter{width:1em;height:1em}.elementor-widget-text-editor .elementor-drop-cap{float:left;text-align:center;line-height:1;font-size:50px}.elementor-widget-text-editor .elementor-drop-cap-letter{display:inline-block}<\/style>\t\t\t\t<p>Die Betreuung deines Vierbeiners findet auf meiner komplett eingez\u00e4unten Freilauffl\u00e4che statt &#8211; dem <a href=\"https:\/\/www.hundeparadies-lueneburg.de\" target=\"_blank\" rel=\"noopener\">Hundeparadies L\u00fcneburg<\/a>, auch bekannt als HuPaL\u00fc. Hier kann dein Hund nach Herzenslust toben, buddeln und sich im Gras w\u00e4lzen. W\u00e4hrend meiner Betreuungszeiten gibt es keine Unruhen durch Spazierg\u00e4nger &#8211; wir sind immer &#8218;unter uns&#8216;, au\u00dfer wenn uns zum Beispiel Neukunden besuchen kommen. Au\u00dferhalb der Betreuungszeiten darfst du jedoch gerne nach vorheriger Vorstellung deines Hundes bei uns <a href=\"https:\/\/www.hundeparadies-lueneburg.de\/spazierengaenger-werden\/\" target=\"_blank\" rel=\"noopener\">spazieren gehen<\/a>. Weitere Infos dazu findest du auf der Seite vom <a href=\"https:\/\/www.hundeparadies-lueneburg.de\" target=\"_blank\" rel=\"noopener\">Hundeparadies L\u00fcneburg<\/a>.<\/p><p>Ich bin Montag bis Donnerstag von 10-14 Uhr und am Freitag von 10-12 Uhr auf meinem Gel\u00e4nde anzutreffen. In der Zeit von ca. 12-12.45 Uhr wird montags bis donnerstags eine kleine Mittagspause f\u00fcr deinen Vierbeiner eingelegt, in der sich ausgeruht wird.<\/p><p>Zur reinen Betreuungszeit im Hundeparadies L\u00fcneburg kommt auch noch die Fahrtzeit in meinem <a href=\"https:\/\/www.walk-your-dog.de\/?page_id=75\">Auto<\/a> f\u00fcr deinen Vierbeiner dazu. Je nachdem, wo ihr wohnt, wird dein Hund zwischen 8-10 Uhr zu Hause abgeholt und zwischen 14-16 Uhr wieder zur\u00fcckgebracht. Am Freitag wird dein Liebling zwischen 8-10 Uhr abgeholt und zwischen 12-14 Uhr wieder zur\u00fcckgebracht.<\/p><p>Termine zum Vorstellen f\u00fcr Neukunden oder Spazierg\u00e4nger finden nach vorheriger Terminabsprache um 11 Uhr statt. Die Dauer der Termine variiert etwas. F\u00fcr Neukunden sind es ca. 30 Minuten, f\u00fcr Spazierg\u00e4nger ca. 20 Minuten.<\/p><p>M\u00f6chtest du deinen Hund in gute H\u00e4nde geben, w\u00e4hrend du arbeitest? Dann bist du bei mir genau richtig! Bitte schreibe mir eine E-Mail oder nutze mein <a href=\"https:\/\/www.walk-your-dog.de\/?page_id=62\">Kontaktformular<\/a> f\u00fcr eine erste Kontaktaufnahme. Gib in der Nachricht bitte auch Infos zu deinem Hund (Alter, Geschlecht, kastriert\/unkastriert), deinen Wohnort und deine Wunschbetreuungszeiten an.<\/p>\t\t\t\t\t\t<\/div>\n\t\t\t\t<\/div>\n\t\t\t\t<\/div>\n\t\t<div class=\"elementor-element elementor-element-1a65214 e-con-full e-flex e-con e-child\" data-id=\"1a65214\" data-element_type=\"container\" data-settings=\"{&quot;content_width&quot;:&quot;full&quot;}\">\n\t\t\t\t<div class=\"elementor-element elementor-element-35b882c elementor-widget elementor-widget-image\" data-id=\"35b882c\" data-element_type=\"widget\" data-widget_type=\"image.default\">\n\t\t\t\t<div class=\"elementor-widget-container\">\n\t\t\t<style>\/*! elementor - v3.18.0 - 20-12-2023 *\/\n.elementor-widget-image{text-align:center}.elementor-widget-image a{display:inline-block}.elementor-widget-image a img[src$=\".svg\"]{width:48px}.elementor-widget-image img{vertical-align:middle;display:inline-block}<\/style>\t\t\t\t\t\t\t\t\t\t\t\t<img fetchpriority=\"high\" decoding=\"async\" width=\"640\" height=\"225\" src=\"https:\/\/www.walk-your-dog.de\/wp-content\/uploads\/2023\/06\/HeaderSliderPeanut-1024x360.png\" class=\"attachment-large size-large wp-image-443\" alt=\"Hundebetreuung Mohn\" srcset=\"https:\/\/www.walk-your-dog.de\/wp-content\/uploads\/2023\/06\/HeaderSliderPeanut-1024x360.png 1024w, https:\/\/www.walk-your-dog.de\/wp-content\/uploads\/2023\/06\/HeaderSliderPeanut-300x105.png 300w, https:\/\/www.walk-your-dog.de\/wp-content\/uploads\/2023\/06\/HeaderSliderPeanut-768x270.png 768w, https:\/\/www.walk-your-dog.de\/wp-content\/uploads\/2023\/06\/HeaderSliderPeanut-1536x540.png 1536w, https:\/\/www.walk-your-dog.de\/wp-content\/uploads\/2023\/06\/HeaderSliderPeanut.png 1600w\" sizes=\"(max-width: 640px) 100vw, 640px\" \/>\t\t\t\t\t\t\t\t\t\t\t\t\t\t\t<\/div>\n\t\t\t\t<\/div>\n\t\t\t\t<div class=\"elementor-element elementor-element-9fad8d7 elementor-widget elementor-widget-image\" data-id=\"9fad8d7\" data-element_type=\"widget\" data-widget_type=\"image.default\">\n\t\t\t\t<div class=\"elementor-widget-container\">\n\t\t\t\t\t\t\t\t\t\t\t\t\t\t\t<img decoding=\"async\" width=\"640\" height=\"224\" src=\"https:\/\/www.walk-your-dog.de\/wp-content\/uploads\/2023\/05\/IMG_8609-scaled-e1685358921328-1024x358.jpg\" class=\"attachment-large size-large wp-image-49\" alt=\"Hundebetreuung\" srcset=\"https:\/\/www.walk-your-dog.de\/wp-content\/uploads\/2023\/05\/IMG_8609-scaled-e1685358921328-1024x358.jpg 1024w, https:\/\/www.walk-your-dog.de\/wp-content\/uploads\/2023\/05\/IMG_8609-scaled-e1685358921328-300x105.jpg 300w, https:\/\/www.walk-your-dog.de\/wp-content\/uploads\/2023\/05\/IMG_8609-scaled-e1685358921328-768x269.jpg 768w, https:\/\/www.walk-your-dog.de\/wp-content\/uploads\/2023\/05\/IMG_8609-scaled-e1685358921328-1536x538.jpg 1536w, https:\/\/www.walk-your-dog.de\/wp-content\/uploads\/2023\/05\/IMG_8609-scaled-e1685358921328.jpg 1600w\" sizes=\"(max-width: 640px) 100vw, 640px\" \/>\t\t\t\t\t\t\t\t\t\t\t\t\t\t\t<\/div>\n\t\t\t\t<\/div>\n\t\t\t\t<div class=\"elementor-element elementor-element-421bf86 elementor-widget elementor-widget-image\" data-id=\"421bf86\" data-element_type=\"widget\" data-widget_type=\"image.default\">\n\t\t\t\t<div class=\"elementor-widget-container\">\n\t\t\t\t\t\t\t\t\t\t\t\t\t\t\t<img decoding=\"async\" width=\"640\" height=\"225\" src=\"https:\/\/www.walk-your-dog.de\/wp-content\/uploads\/2023\/06\/HeaderSliderLira-1024x360.png\" class=\"attachment-large size-large wp-image-444\" alt=\"Hundebetreuung Blume\" srcset=\"https:\/\/www.walk-your-dog.de\/wp-content\/uploads\/2023\/06\/HeaderSliderLira-1024x360.png 1024w, https:\/\/www.walk-your-dog.de\/wp-content\/uploads\/2023\/06\/HeaderSliderLira-300x105.png 300w, https:\/\/www.walk-your-dog.de\/wp-content\/uploads\/2023\/06\/HeaderSliderLira-768x270.png 768w, https:\/\/www.walk-your-dog.de\/wp-content\/uploads\/2023\/06\/HeaderSliderLira-1536x540.png 1536w, https:\/\/www.walk-your-dog.de\/wp-content\/uploads\/2023\/06\/HeaderSliderLira.png 1600w\" sizes=\"(max-width: 640px) 100vw, 640px\" \/>\t\t\t\t\t\t\t\t\t\t\t\t\t\t\t<\/div>\n\t\t\t\t<\/div>\n\t\t\t\t<div class=\"elementor-element elementor-element-0ea12e1 elementor-widget elementor-widget-image\" data-id=\"0ea12e1\" data-element_type=\"widget\" data-widget_type=\"image.default\">\n\t\t\t\t<div class=\"elementor-widget-container\">\n\t\t\t\t\t\t\t\t\t\t\t\t\t\t\t<img loading=\"lazy\" decoding=\"async\" width=\"640\" height=\"250\" src=\"https:\/\/www.walk-your-dog.de\/wp-content\/uploads\/2023\/05\/HQCN9744-e1685358167742-768x300.jpg\" class=\"attachment-medium_large size-medium_large wp-image-40\" alt=\"Hundebetreuung\" srcset=\"https:\/\/www.walk-your-dog.de\/wp-content\/uploads\/2023\/05\/HQCN9744-e1685358167742-768x300.jpg 768w, https:\/\/www.walk-your-dog.de\/wp-content\/uploads\/2023\/05\/HQCN9744-e1685358167742-300x117.jpg 300w, https:\/\/www.walk-your-dog.de\/wp-content\/uploads\/2023\/05\/HQCN9744-e1685358167742-1024x399.jpg 1024w, https:\/\/www.walk-your-dog.de\/wp-content\/uploads\/2023\/05\/HQCN9744-e1685358167742.jpg 1438w\" sizes=\"(max-width: 640px) 100vw, 640px\" \/>\t\t\t\t\t\t\t\t\t\t\t\t\t\t\t<\/div>\n\t\t\t\t<\/div>\n\t\t\t\t<\/div>\n\t\t\t\t\t<\/div>\n\t\t\t\t<\/div>\n\t\t\t\t\t\t\t<\/div>\n\t\t","protected":false},"excerpt":{"rendered":"<p>Die Betreuung deines Vierbeiners findet auf meiner komplett eingez\u00e4unten Freilauffl\u00e4che statt &#8211; dem Hundeparadies L\u00fcneburg, auch bekannt als HuPaL\u00fc. Hier kann dein Hund nach Herzenslust toben, buddeln und sich im Gras w\u00e4lzen. W\u00e4hrend meiner Betreuungszeiten gibt es keine Unruhen durch Spazierg\u00e4nger &#8211; wir sind immer &#8218;unter uns&#8216;, au\u00dfer wenn uns zum Beispiel Neukunden besuchen kommen. &hellip; <\/p>\n<p class=\"link-more\"><a href=\"https:\/\/www.walk-your-dog.de\/?page_id=55\" class=\"more-link\">Continue reading<span class=\"screen-reader-text\"> &#8222;Leistungen&#8220;<\/span><\/a><\/p>\n","protected":false},"author":1,"featured_media":0,"parent":0,"menu_order":0,"comment_status":"closed","ping_status":"closed","template":"","meta":{"footnotes":""},"class_list":["post-55","page","type-page","status-publish","hentry"],"yoast_head":"<!-- This site is optimized with the Yoast SEO plugin v20.11 - https:\/\/yoast.com\/wordpress\/plugins\/seo\/ -->\n<title>Die Betreuung bei walk your dog<\/title>\n<meta name=\"description\" content=\"Die Betreuung findet auf einer knapp 3 Hektar gro\u00dfen und eingez\u00e4unten Freilauffl\u00e4che statt. Hundeparadies L\u00fcneburg\" \/>\n<meta name=\"robots\" content=\"index, follow, max-snippet:-1, max-image-preview:large, max-video-preview:-1\" \/>\n<link rel=\"canonical\" href=\"https:\/\/www.walk-your-dog.de\/?page_id=55\" \/>\n<meta property=\"og:locale\" content=\"de_DE\" \/>\n<meta property=\"og:type\" content=\"article\" \/>\n<meta property=\"og:title\" content=\"Die Betreuung bei walk your dog\" \/>\n<meta property=\"og:description\" content=\"Die Betreuung findet auf einer knapp 3 Hektar gro\u00dfen und eingez\u00e4unten Freilauffl\u00e4che statt. Hundeparadies L\u00fcneburg\" \/>\n<meta property=\"og:url\" content=\"https:\/\/www.walk-your-dog.de\/?page_id=55\" \/>\n<meta property=\"og:site_name\" content=\"walk your dog\" \/>\n<meta property=\"article:publisher\" content=\"https:\/\/www.facebook.com\/wyd2010\" \/>\n<meta property=\"article:modified_time\" content=\"2025-05-26T18:50:36+00:00\" \/>\n<meta property=\"og:image\" content=\"https:\/\/www.walk-your-dog.de\/wp-content\/uploads\/2023\/06\/HeaderSliderPeanut-1024x360.png\" \/>\n<meta name=\"twitter:card\" content=\"summary_large_image\" \/>\n<meta name=\"twitter:label1\" content=\"Gesch\u00e4tzte Lesezeit\" \/>\n\t<meta name=\"twitter:data1\" content=\"3\u00a0Minuten\" \/>\n<script type=\"application\/ld+json\" class=\"yoast-schema-graph\">{\"@context\":\"https:\/\/schema.org\",\"@graph\":[{\"@type\":\"WebPage\",\"@id\":\"https:\/\/www.walk-your-dog.de\/?page_id=55\",\"url\":\"https:\/\/www.walk-your-dog.de\/?page_id=55\",\"name\":\"Die Betreuung bei walk your dog\",\"isPartOf\":{\"@id\":\"https:\/\/www.walk-your-dog.de\/#website\"},\"datePublished\":\"2016-07-29T19:52:44+00:00\",\"dateModified\":\"2025-05-26T18:50:36+00:00\",\"description\":\"Die Betreuung findet auf einer knapp 3 Hektar gro\u00dfen und eingez\u00e4unten Freilauffl\u00e4che statt. Hundeparadies L\u00fcneburg\",\"breadcrumb\":{\"@id\":\"https:\/\/www.walk-your-dog.de\/?page_id=55#breadcrumb\"},\"inLanguage\":\"de\",\"potentialAction\":[{\"@type\":\"ReadAction\",\"target\":[\"https:\/\/www.walk-your-dog.de\/?page_id=55\"]}]},{\"@type\":\"BreadcrumbList\",\"@id\":\"https:\/\/www.walk-your-dog.de\/?page_id=55#breadcrumb\",\"itemListElement\":[{\"@type\":\"ListItem\",\"position\":1,\"name\":\"Startseite\",\"item\":\"https:\/\/www.walk-your-dog.de\/\"},{\"@type\":\"ListItem\",\"position\":2,\"name\":\"Leistungen\"}]},{\"@type\":\"WebSite\",\"@id\":\"https:\/\/www.walk-your-dog.de\/#website\",\"url\":\"https:\/\/www.walk-your-dog.de\/\",\"name\":\"walk your dog\",\"description\":\"Hundebetreuung\",\"publisher\":{\"@id\":\"https:\/\/www.walk-your-dog.de\/#organization\"},\"potentialAction\":[{\"@type\":\"SearchAction\",\"target\":{\"@type\":\"EntryPoint\",\"urlTemplate\":\"https:\/\/www.walk-your-dog.de\/?s={search_term_string}\"},\"query-input\":\"required name=search_term_string\"}],\"inLanguage\":\"de\"},{\"@type\":\"Organization\",\"@id\":\"https:\/\/www.walk-your-dog.de\/#organization\",\"name\":\"walk your dog - professionelle Hundebetreuung\",\"url\":\"https:\/\/www.walk-your-dog.de\/\",\"logo\":{\"@type\":\"ImageObject\",\"inLanguage\":\"de\",\"@id\":\"https:\/\/www.walk-your-dog.de\/#\/schema\/logo\/image\/\",\"url\":\"https:\/\/www.walk-your-dog.de\/wp-content\/uploads\/2023\/05\/cropped-black_logo_transparent_background.png\",\"contentUrl\":\"https:\/\/www.walk-your-dog.de\/wp-content\/uploads\/2023\/05\/cropped-black_logo_transparent_background.png\",\"width\":240,\"height\":191,\"caption\":\"walk your dog - professionelle Hundebetreuung\"},\"image\":{\"@id\":\"https:\/\/www.walk-your-dog.de\/#\/schema\/logo\/image\/\"},\"sameAs\":[\"https:\/\/www.facebook.com\/wyd2010\",\"https:\/\/www.instagram.com\/walk_your_dog_lueneburg\/?hl=de\"]}]}<\/script>\n<!-- \/ Yoast SEO plugin. -->","yoast_head_json":{"title":"Die Betreuung bei walk your dog","description":"Die Betreuung findet auf einer knapp 3 Hektar gro\u00dfen und eingez\u00e4unten Freilauffl\u00e4che statt. Hundeparadies L\u00fcneburg","robots":{"index":"index","follow":"follow","max-snippet":"max-snippet:-1","max-image-preview":"max-image-preview:large","max-video-preview":"max-video-preview:-1"},"canonical":"https:\/\/www.walk-your-dog.de\/?page_id=55","og_locale":"de_DE","og_type":"article","og_title":"Die Betreuung bei walk your dog","og_description":"Die Betreuung findet auf einer knapp 3 Hektar gro\u00dfen und eingez\u00e4unten Freilauffl\u00e4che statt. Hundeparadies L\u00fcneburg","og_url":"https:\/\/www.walk-your-dog.de\/?page_id=55","og_site_name":"walk your dog","article_publisher":"https:\/\/www.facebook.com\/wyd2010","article_modified_time":"2025-05-26T18:50:36+00:00","og_image":[{"url":"https:\/\/www.walk-your-dog.de\/wp-content\/uploads\/2023\/06\/HeaderSliderPeanut-1024x360.png"}],"twitter_card":"summary_large_image","twitter_misc":{"Gesch\u00e4tzte Lesezeit":"3\u00a0Minuten"},"schema":{"@context":"https:\/\/schema.org","@graph":[{"@type":"WebPage","@id":"https:\/\/www.walk-your-dog.de\/?page_id=55","url":"https:\/\/www.walk-your-dog.de\/?page_id=55","name":"Die Betreuung bei walk your dog","isPartOf":{"@id":"https:\/\/www.walk-your-dog.de\/#website"},"datePublished":"2016-07-29T19:52:44+00:00","dateModified":"2025-05-26T18:50:36+00:00","description":"Die Betreuung findet auf einer knapp 3 Hektar gro\u00dfen und eingez\u00e4unten Freilauffl\u00e4che statt. Hundeparadies L\u00fcneburg","breadcrumb":{"@id":"https:\/\/www.walk-your-dog.de\/?page_id=55#breadcrumb"},"inLanguage":"de","potentialAction":[{"@type":"ReadAction","target":["https:\/\/www.walk-your-dog.de\/?page_id=55"]}]},{"@type":"BreadcrumbList","@id":"https:\/\/www.walk-your-dog.de\/?page_id=55#breadcrumb","itemListElement":[{"@type":"ListItem","position":1,"name":"Startseite","item":"https:\/\/www.walk-your-dog.de\/"},{"@type":"ListItem","position":2,"name":"Leistungen"}]},{"@type":"WebSite","@id":"https:\/\/www.walk-your-dog.de\/#website","url":"https:\/\/www.walk-your-dog.de\/","name":"walk your dog","description":"Hundebetreuung","publisher":{"@id":"https:\/\/www.walk-your-dog.de\/#organization"},"potentialAction":[{"@type":"SearchAction","target":{"@type":"EntryPoint","urlTemplate":"https:\/\/www.walk-your-dog.de\/?s={search_term_string}"},"query-input":"required name=search_term_string"}],"inLanguage":"de"},{"@type":"Organization","@id":"https:\/\/www.walk-your-dog.de\/#organization","name":"walk your dog - professionelle Hundebetreuung","url":"https:\/\/www.walk-your-dog.de\/","logo":{"@type":"ImageObject","inLanguage":"de","@id":"https:\/\/www.walk-your-dog.de\/#\/schema\/logo\/image\/","url":"https:\/\/www.walk-your-dog.de\/wp-content\/uploads\/2023\/05\/cropped-black_logo_transparent_background.png","contentUrl":"https:\/\/www.walk-your-dog.de\/wp-content\/uploads\/2023\/05\/cropped-black_logo_transparent_background.png","width":240,"height":191,"caption":"walk your dog - professionelle Hundebetreuung"},"image":{"@id":"https:\/\/www.walk-your-dog.de\/#\/schema\/logo\/image\/"},"sameAs":["https:\/\/www.facebook.com\/wyd2010","https:\/\/www.instagram.com\/walk_your_dog_lueneburg\/?hl=de"]}]}},"_links":{"self":[{"href":"https:\/\/www.walk-your-dog.de\/index.php?rest_route=\/wp\/v2\/pages\/55","targetHints":{"allow":["GET"]}}],"collection":[{"href":"https:\/\/www.walk-your-dog.de\/index.php?rest_route=\/wp\/v2\/pages"}],"about":[{"href":"https:\/\/www.walk-your-dog.de\/index.php?rest_route=\/wp\/v2\/types\/page"}],"author":[{"embeddable":true,"href":"https:\/\/www.walk-your-dog.de\/index.php?rest_route=\/wp\/v2\/users\/1"}],"replies":[{"embeddable":true,"href":"https:\/\/www.walk-your-dog.de\/index.php?rest_route=%2Fwp%2Fv2%2Fcomments&post=55"}],"version-history":[{"count":7,"href":"https:\/\/www.walk-your-dog.de\/index.php?rest_route=\/wp\/v2\/pages\/55\/revisions"}],"predecessor-version":[{"id":643,"href":"https:\/\/www.walk-your-dog.de\/index.php?rest_route=\/wp\/v2\/pages\/55\/revisions\/643"}],"wp:attachment":[{"href":"https:\/\/www.walk-your-dog.de\/index.php?rest_route=%2Fwp%2Fv2%2Fmedia&parent=55"}],"curies":[{"name":"wp","href":"https:\/\/api.w.org\/{rel}","templated":true}]}}